{"id":884,"date":"2020-04-24T15:36:03","date_gmt":"2020-04-24T13:36:03","guid":{"rendered":"https:\/\/www.catherinemulier.com\/design\/"},"modified":"2022-02-08T11:02:13","modified_gmt":"2022-02-08T10:02:13","slug":"design","status":"publish","type":"page","link":"https:\/\/www.catherinemulier.com\/en\/design\/","title":{"rendered":"Design"},"content":{"rendered":"<div id='av_section_1' class='avia-section main_color avia-section-huge avia-no-border-styling avia-bg-style-scroll  avia-builder-el-0  el_before_av_section  avia-builder-el-first    container_wrap fullsize' style='background-color: #faeee6;  '  ><div class='container' ><main  role=\"main\" itemprop=\"mainContentOfPage\"  class='template-page content  av-content-full alpha units'><div class='post-entry post-entry-type-page post-entry-884'><div class='entry-content-wrapper clearfix'>\n<div class=\"flex_column av_one_full  flex_column_div av-zero-column-padding first  avia-builder-el-1  avia-builder-el-no-sibling  \" style='border-radius:0px; '><div style='padding-bottom:25px; ' class='av-special-heading av-special-heading-h1  blockquote modern-quote modern-centered  avia-builder-el-2  el_before_av_textblock  avia-builder-el-first  ow-h1-line '><h1 class='av-special-heading-tag '  itemprop=\"headline\"  >Design<\/h1><div class='special-heading-border'><div class='special-heading-inner-border' ><\/div><\/div><\/div>\n<section class=\"av_textblock_section \"  itemscope=\"itemscope\" itemtype=\"https:\/\/schema.org\/CreativeWork\" ><div class='avia_textblock  '   itemprop=\"text\" ><p>I created the shape and design of my heels so that nothing about them will bother you. They don\u2019t copy any fashion trends, just the opposite \u2013 they are timeless, elegant and perfectly universal.<\/p>\n<p>Choose the colour in line with your skin tone, and they\u2019ll suit any outfit. It\u2019s completely up to you if you lengthen your legs with a\u00a0flesh tone or attract everyone\u2019s attention with a\u00a0black shoe<\/p>\n<\/div><\/section><\/div>\n\n\n<\/div><\/div><\/main><!-- close content main element --><\/div><\/div><div id='av_section_2' class='avia-section main_color avia-section-huge avia-no-border-styling avia-bg-style-scroll  avia-builder-el-4  el_after_av_section  el_before_av_layout_row  ow-grad  container_wrap fullsize' style='background-color: #faeee6;  '  ><div class='container' ><div class='template-page content  av-content-full alpha units'><div class='post-entry post-entry-type-page post-entry-884'><div class='entry-content-wrapper clearfix'>\n<div class=\"flex_column av_one_full  flex_column_div av-zero-column-padding first  avia-builder-el-5  el_before_av_one_fourth  avia-builder-el-first  \" style='border-radius:0px; '><div style='padding-bottom:55px; ' class='av-special-heading av-special-heading-h2  blockquote modern-quote modern-centered  avia-builder-el-6  avia-builder-el-no-sibling   '><h2 class='av-special-heading-tag '  itemprop=\"headline\"  >Beauty is found in the recipe for simplicity<\/h2><div class='special-heading-border'><div class='special-heading-inner-border' ><\/div><\/div><\/div><\/div><div class=\"flex_column av_one_fourth  flex_column_div av-zero-column-padding first  avia-builder-el-7  el_after_av_one_full  el_before_av_one_fourth  ow-home-sitie column-top-margin\" style='border-radius:0px; '><div class='avia-image-container  av-styling-no-styling av-hover-grow   avia-builder-el-8  el_before_av_textblock  avia-builder-el-first   avia-align-center '  itemprop=\"image\" itemscope=\"itemscope\" itemtype=\"https:\/\/schema.org\/ImageObject\"  ><div class='avia-image-container-inner'><div class='avia-image-overlay-wrap'><a href='https:\/\/www.catherinemulier.com\/en\/comfort\/' class='avia_image'  ><img class='avia_image ' src='https:\/\/www.catherinemulier.com\/wp-content\/uploads\/2020\/04\/comfort-1.png' alt='' title='comfort'  itemprop=\"thumbnailUrl\"  \/><\/a><\/div><\/div><\/div>\n<section class=\"av_textblock_section \"  itemscope=\"itemscope\" itemtype=\"https:\/\/schema.org\/CreativeWork\" ><div class='avia_textblock  '   itemprop=\"text\" ><h3 style=\"text-align: center;\"><a href=\"https:\/\/www.catherinemulier.com\/en\/comfort\/\">Comfort<\/a><\/h3>\n<\/div><\/section><\/div><div class=\"flex_column av_one_fourth  flex_column_div av-zero-column-padding   avia-builder-el-10  el_after_av_one_fourth  el_before_av_one_fourth  ow-home-sitie column-top-margin\" style='border-radius:0px; '><div class='avia-image-container  av-styling-no-styling av-hover-grow   avia-builder-el-11  el_before_av_textblock  avia-builder-el-first   avia-align-center '  itemprop=\"image\" itemscope=\"itemscope\" itemtype=\"https:\/\/schema.org\/ImageObject\"  ><div class='avia-image-container-inner'><div class='avia-image-overlay-wrap'><a href='https:\/\/www.catherinemulier.com\/en\/design\/' class='avia_image'  ><img class='avia_image ' src='https:\/\/www.catherinemulier.com\/wp-content\/uploads\/2020\/04\/design-1.png' alt='' title='design'  itemprop=\"thumbnailUrl\"  \/><\/a><\/div><\/div><\/div>\n<section class=\"av_textblock_section \"  itemscope=\"itemscope\" itemtype=\"https:\/\/schema.org\/CreativeWork\" ><div class='avia_textblock  '   itemprop=\"text\" ><h3 style=\"text-align: center;\"><a href=\"https:\/\/www.catherinemulier.com\/en\/design\/\">Design<\/a><\/h3>\n<\/div><\/section><\/div><div class=\"flex_column av_one_fourth  flex_column_div av-zero-column-padding   avia-builder-el-13  el_after_av_one_fourth  el_before_av_one_fourth  ow-home-sitie column-top-margin\" style='border-radius:0px; '><div class='avia-image-container  av-styling-no-styling av-hover-grow   avia-builder-el-14  el_before_av_textblock  avia-builder-el-first   avia-align-center '  itemprop=\"image\" itemscope=\"itemscope\" itemtype=\"https:\/\/schema.org\/ImageObject\"  ><div class='avia-image-container-inner'><div class='avia-image-overlay-wrap'><a href='https:\/\/www.catherinemulier.com\/en\/individuality\/' class='avia_image'  ><img class='avia_image ' src='https:\/\/www.catherinemulier.com\/wp-content\/uploads\/2020\/04\/individuality-1.png' alt='' title='individuality'  itemprop=\"thumbnailUrl\"  \/><\/a><\/div><\/div><\/div>\n<section class=\"av_textblock_section \"  itemscope=\"itemscope\" itemtype=\"https:\/\/schema.org\/CreativeWork\" ><div class='avia_textblock  '   itemprop=\"text\" ><h3 style=\"text-align: center;\"><a href=\"https:\/\/www.catherinemulier.com\/en\/individuality\/\">Individuality<\/a><\/h3>\n<\/div><\/section><\/div><div class=\"flex_column av_one_fourth  flex_column_div av-zero-column-padding   avia-builder-el-16  el_after_av_one_fourth  avia-builder-el-last  ow-home-sitie column-top-margin\" style='border-radius:0px; '><div class='avia-image-container  av-styling-no-styling    avia-builder-el-17  avia-builder-el-no-sibling  image-section avia-align-center '  itemprop=\"image\" itemscope=\"itemscope\" itemtype=\"https:\/\/schema.org\/ImageObject\"  ><div class='avia-image-container-inner'><div class='avia-image-overlay-wrap'><img class='avia_image' src='https:\/\/www.catherinemulier.com\/wp-content\/uploads\/2020\/05\/lodicka-vysledok.png' alt='tan pump' title='lodicka-vysledok' height=\"300\" width=\"250\"  itemprop=\"thumbnailUrl\"  \/><\/div><\/div><\/div><\/div>\n\n\n<\/div><\/div><\/div><!-- close content main div --><\/div><\/div><div id='av-layout-grid-1' class='av-layout-grid-container entry-content-wrapper main_color av-flex-cells     avia-builder-el-18  el_after_av_section  avia-builder-el-last  ow-grad submenu-not-first container_wrap fullsize' style=' '  >\n\n<div class=\"flex_cell no_margin av_one_half  avia-builder-el-19  el_before_av_cell_one_half  avia-builder-el-first  ow-mobile-img-on  avia-full-contain av-zero-padding \" style='background:url(https:\/\/www.catherinemulier.com\/wp-content\/uploads\/2020\/05\/CM-.jpg) bottom right no-repeat scroll #faeee6; vertical-align:middle; padding:0px; background-color:#faeee6; '><div class='flex_cell_inner' ><\/div><\/div><div class=\"flex_cell no_margin av_one_half  avia-builder-el-20  el_after_av_cell_one_half  avia-builder-el-last    \" style='background: #faeee6; vertical-align:middle; padding:130px 4% 130px 4% ; background-color:#faeee6; '><div class='flex_cell_inner' ><div style='padding-bottom:10px; ' class='av-special-heading av-special-heading-h3  blockquote modern-quote  avia-builder-el-21  el_before_av_textblock  avia-builder-el-first   '><h3 class='av-special-heading-tag '  itemprop=\"headline\"  >Why do we sell our high heels by the piece and not by the pair?<\/h3><div class='special-heading-border'><div class='special-heading-inner-border' ><\/div><\/div><\/div>\n<section class=\"av_textblock_section \"  itemscope=\"itemscope\" itemtype=\"https:\/\/schema.org\/CreativeWork\" ><div class='avia_textblock  '   itemprop=\"text\" ><p>Each of us is individual.<\/p>\n<p>Choose your dreamed-of right and left shoe separately and then just experiment with different colours! Exercise your creativity and combine them as you like.<\/p>\n<p>And if by bad luck one of them is damaged \u2013 order a new shoe, we don\u2019t mind if it\u2019s just the one.<\/p>\n<\/div><\/section>\n<\/div><\/div><\/div>","protected":false},"excerpt":{"rendered":"","protected":false},"author":5,"featured_media":0,"parent":0,"menu_order":0,"comment_status":"closed","ping_status":"closed","template":"","meta":[],"yoast_head":"<!-- This site is optimized with the Yoast SEO plugin v20.2.1 - https:\/\/yoast.com\/wordpress\/plugins\/seo\/ -->\n<title>Nad\u010dasov\u00fd dizajn | D\u00e1mske lodi\u010dky | Catherine Mulier<\/title>\n<meta name=\"description\" content=\"Lodi\u010dky bez kompromisov \ud83d\udc60 Vyber si farbu pod\u013ea svojej pleti, ktor\u00e1 Ti sadne ku ka\u017ed\u00e9mu outfitu \u00b7 Elegantn\u00e9 a dokonale univerz\u00e1lne.\" \/>\n<meta name=\"robots\" content=\"index, follow, max-snippet:-1, max-image-preview:large, max-video-preview:-1\" \/>\n<link rel=\"canonical\" href=\"https:\/\/www.catherinemulier.com\/dizajn\/\" \/>\n<meta property=\"og:locale\" content=\"en_US\" \/>\n<meta property=\"og:type\" content=\"article\" \/>\n<meta property=\"og:title\" content=\"Nad\u010dasov\u00fd dizajn | D\u00e1mske lodi\u010dky | Catherine Mulier\" \/>\n<meta property=\"og:description\" content=\"Lodi\u010dky bez kompromisov \ud83d\udc60 Vyber si farbu pod\u013ea svojej pleti, ktor\u00e1 Ti sadne ku ka\u017ed\u00e9mu outfitu \u00b7 Elegantn\u00e9 a dokonale univerz\u00e1lne.\" \/>\n<meta property=\"og:url\" content=\"https:\/\/www.catherinemulier.com\/dizajn\/\" \/>\n<meta property=\"og:site_name\" content=\"Catherine Mulier\" \/>\n<meta property=\"article:modified_time\" content=\"2022-02-08T10:02:13+00:00\" \/>\n<meta property=\"og:image\" content=\"https:\/\/www.catherinemulier.com\/wp-content\/uploads\/2020\/05\/CM-.jpg\" \/>\n\t<meta property=\"og:image:width\" content=\"1413\" \/>\n\t<meta property=\"og:image:height\" content=\"1221\" \/>\n\t<meta property=\"og:image:type\" content=\"image\/jpeg\" \/>\n<meta name=\"twitter:card\" content=\"summary_large_image\" \/>\n<meta name=\"twitter:label1\" content=\"Est. reading time\" \/>\n\t<meta name=\"twitter:data1\" content=\"9 minutes\" \/>\n<script type=\"application\/ld+json\" class=\"yoast-schema-graph\">{\"@context\":\"https:\/\/schema.org\",\"@graph\":[{\"@type\":\"WebPage\",\"@id\":\"https:\/\/www.catherinemulier.com\/dizajn\/\",\"url\":\"https:\/\/www.catherinemulier.com\/dizajn\/\",\"name\":\"Nad\u010dasov\u00fd dizajn | D\u00e1mske lodi\u010dky | Catherine Mulier\",\"isPartOf\":{\"@id\":\"https:\/\/www.catherinemulier.com\/#website\"},\"datePublished\":\"2020-04-24T13:36:03+00:00\",\"dateModified\":\"2022-02-08T10:02:13+00:00\",\"description\":\"Lodi\u010dky bez kompromisov \ud83d\udc60 Vyber si farbu pod\u013ea svojej pleti, ktor\u00e1 Ti sadne ku ka\u017ed\u00e9mu outfitu \u00b7 Elegantn\u00e9 a dokonale univerz\u00e1lne.\",\"breadcrumb\":{\"@id\":\"https:\/\/www.catherinemulier.com\/dizajn\/#breadcrumb\"},\"inLanguage\":\"en-US\",\"potentialAction\":[{\"@type\":\"ReadAction\",\"target\":[\"https:\/\/www.catherinemulier.com\/dizajn\/\"]}]},{\"@type\":\"BreadcrumbList\",\"@id\":\"https:\/\/www.catherinemulier.com\/dizajn\/#breadcrumb\",\"itemListElement\":[{\"@type\":\"ListItem\",\"position\":1,\"name\":\"Home\",\"item\":\"https:\/\/www.catherinemulier.com\/en\/home-2\/\"},{\"@type\":\"ListItem\",\"position\":2,\"name\":\"Design\"}]},{\"@type\":\"WebSite\",\"@id\":\"https:\/\/www.catherinemulier.com\/#website\",\"url\":\"https:\/\/www.catherinemulier.com\/\",\"name\":\"Catherine Mulier\",\"description\":\"Lodi\u010dky bez kompromisov\",\"potentialAction\":[{\"@type\":\"SearchAction\",\"target\":{\"@type\":\"EntryPoint\",\"urlTemplate\":\"https:\/\/www.catherinemulier.com\/?s={search_term_string}\"},\"query-input\":\"required name=search_term_string\"}],\"inLanguage\":\"en-US\"}]}<\/script>\n<!-- \/ Yoast SEO plugin. -->","yoast_head_json":{"title":"Nad\u010dasov\u00fd dizajn | D\u00e1mske lodi\u010dky | Catherine Mulier","description":"Lodi\u010dky bez kompromisov \ud83d\udc60 Vyber si farbu pod\u013ea svojej pleti, ktor\u00e1 Ti sadne ku ka\u017ed\u00e9mu outfitu \u00b7 Elegantn\u00e9 a dokonale univerz\u00e1lne.","robots":{"index":"index","follow":"follow","max-snippet":"max-snippet:-1","max-image-preview":"max-image-preview:large","max-video-preview":"max-video-preview:-1"},"canonical":"https:\/\/www.catherinemulier.com\/dizajn\/","og_locale":"en_US","og_type":"article","og_title":"Nad\u010dasov\u00fd dizajn | D\u00e1mske lodi\u010dky | Catherine Mulier","og_description":"Lodi\u010dky bez kompromisov \ud83d\udc60 Vyber si farbu pod\u013ea svojej pleti, ktor\u00e1 Ti sadne ku ka\u017ed\u00e9mu outfitu \u00b7 Elegantn\u00e9 a dokonale univerz\u00e1lne.","og_url":"https:\/\/www.catherinemulier.com\/dizajn\/","og_site_name":"Catherine Mulier","article_modified_time":"2022-02-08T10:02:13+00:00","og_image":[{"width":1413,"height":1221,"url":"https:\/\/www.catherinemulier.com\/wp-content\/uploads\/2020\/05\/CM-.jpg","type":"image\/jpeg"}],"twitter_card":"summary_large_image","twitter_misc":{"Est. reading time":"9 minutes"},"schema":{"@context":"https:\/\/schema.org","@graph":[{"@type":"WebPage","@id":"https:\/\/www.catherinemulier.com\/dizajn\/","url":"https:\/\/www.catherinemulier.com\/dizajn\/","name":"Nad\u010dasov\u00fd dizajn | D\u00e1mske lodi\u010dky | Catherine Mulier","isPartOf":{"@id":"https:\/\/www.catherinemulier.com\/#website"},"datePublished":"2020-04-24T13:36:03+00:00","dateModified":"2022-02-08T10:02:13+00:00","description":"Lodi\u010dky bez kompromisov \ud83d\udc60 Vyber si farbu pod\u013ea svojej pleti, ktor\u00e1 Ti sadne ku ka\u017ed\u00e9mu outfitu \u00b7 Elegantn\u00e9 a dokonale univerz\u00e1lne.","breadcrumb":{"@id":"https:\/\/www.catherinemulier.com\/dizajn\/#breadcrumb"},"inLanguage":"en-US","potentialAction":[{"@type":"ReadAction","target":["https:\/\/www.catherinemulier.com\/dizajn\/"]}]},{"@type":"BreadcrumbList","@id":"https:\/\/www.catherinemulier.com\/dizajn\/#breadcrumb","itemListElement":[{"@type":"ListItem","position":1,"name":"Home","item":"https:\/\/www.catherinemulier.com\/en\/home-2\/"},{"@type":"ListItem","position":2,"name":"Design"}]},{"@type":"WebSite","@id":"https:\/\/www.catherinemulier.com\/#website","url":"https:\/\/www.catherinemulier.com\/","name":"Catherine Mulier","description":"Lodi\u010dky bez kompromisov","potentialAction":[{"@type":"SearchAction","target":{"@type":"EntryPoint","urlTemplate":"https:\/\/www.catherinemulier.com\/?s={search_term_string}"},"query-input":"required name=search_term_string"}],"inLanguage":"en-US"}]}},"_links":{"self":[{"href":"https:\/\/www.catherinemulier.com\/en\/wp-json\/wp\/v2\/pages\/884"}],"collection":[{"href":"https:\/\/www.catherinemulier.com\/en\/wp-json\/wp\/v2\/pages"}],"about":[{"href":"https:\/\/www.catherinemulier.com\/en\/wp-json\/wp\/v2\/types\/page"}],"author":[{"embeddable":true,"href":"https:\/\/www.catherinemulier.com\/en\/wp-json\/wp\/v2\/users\/5"}],"replies":[{"embeddable":true,"href":"https:\/\/www.catherinemulier.com\/en\/wp-json\/wp\/v2\/comments?post=884"}],"version-history":[{"count":25,"href":"https:\/\/www.catherinemulier.com\/en\/wp-json\/wp\/v2\/pages\/884\/revisions"}],"predecessor-version":[{"id":3483,"href":"https:\/\/www.catherinemulier.com\/en\/wp-json\/wp\/v2\/pages\/884\/revisions\/3483"}],"wp:attachment":[{"href":"https:\/\/www.catherinemulier.com\/en\/wp-json\/wp\/v2\/media?parent=884"}],"curies":[{"name":"wp","href":"https:\/\/api.w.org\/{rel}","templated":true}]}}